{"id":10772,"date":"2024-07-13T06:58:09","date_gmt":"2024-07-13T06:58:09","guid":{"rendered":"https:\/\/vita.serasinsaat.com.tr\/?page_id=10772"},"modified":"2024-07-13T20:49:58","modified_gmt":"2024-07-13T20:49:58","slug":"gizlilik-politikamiz","status":"publish","type":"page","link":"https:\/\/vita.serasinsaat.com.tr\/en\/gizlilik-politikamiz\/","title":{"rendered":"Privacy and Cookie Policy"},"content":{"rendered":"<div data-elementor-type=\"wp-page\" data-elementor-id=\"10772\" class=\"elementor elementor-10772\" data-elementor-post-type=\"page\">\n\t\t\t\t        <section class=\"elementor-section elementor-top-section elementor-element elementor-element-2d58fd25 elementor-section-boxed elementor-section-height-default elementor-section-height-default pxl-row-scroll-none pxl-show-grid-none pxl-section-bg-none pxl-section-grid-bg-false\" data-id=\"2d58fd25\" data-element_type=\"section\" data-e-type=\"section\">\n\n                \n                <div class=\"elementor-container elementor-column-gap-default\">\n                <div class=\"elementor-column elementor-col-100 elementor-top-column elementor-element elementor-element-50225616 pxl-column-none\" data-id=\"50225616\" data-element_type=\"column\" data-e-type=\"column\">\r\n        <div class=\"elementor-widget-wrap elementor-element-populated\">\r\n                     \r\n        \t\t<div class=\"elementor-element elementor-element-1e77af96 elementor-widget elementor-widget-text-editor\" data-id=\"1e77af96\" data-element_type=\"widget\" data-e-type=\"widget\" data-widget_type=\"text-editor.default\">\n\t\t\t\t<div class=\"elementor-widget-container\">\n\t\t\t\t\t\t\t\t\t<p><em>The Terms and Conditions were last updated on July 13, 2024.<\/em><\/p>\n<h2>1. Introduction<\/h2>\n<p>These terms and conditions apply to transactions related to this website and our products and services. You may be bound by additional agreements regarding your relationship with us or any products or services you receive from us. If any provision of any additional agreements conflicts with any provision of these Terms, the provisions of those additional agreements will control and prevail.<\/p>\n<h2>2. Connector<\/h2>\n<p>By registering, accessing or otherwise using this website, you agree to be bound by the Terms and conditions set out below. Mere use of this website constitutes knowledge and acceptance of these Terms and conditions. In some special circumstances, we may also ask you to expressly agree.<\/p>\n<h2>3. Intellectual property<\/h2>\n<p>We or our licensors own and control all copyright and other intellectual property rights in the website and the data, information and other resources displayed by or accessible through the website.<\/p>\n<p class=\"cmplz-subtitle\"><strong>3.1 All rights reserved<\/strong><\/p>\n<p>Unless specific content indicates otherwise, no license or other right is granted to you under Copyright, Trademark, Patent or other Intellectual Property Rights. This means that, except as otherwise provided in mandatory legal regulations (such as the right of quotation), you shall not use, copy, reproduce, perform, display, distribute, place on any electronic media, modify, reverse engineer, decompile, transmit, monetize, sell, market or commercialize any resources on this website without our prior written permission.<\/p>\n<h2>4. Newsletter<\/h2>\n<p>Notwithstanding the foregoing, you may forward our newsletter in electronic form to other persons who may be interested in visiting our website.<\/p>\n<h2>5. Third party ownership<\/h2>\n<p>Our website may contain hyperlinks or other references to other parties' websites. We do not monitor or review the content of other party websites linked to from this website. Products or services offered by other websites will be subject to the applicable Terms and Conditions of those third parties. The views expressed or materials appearing on these websites are not shared or endorsed by us.<\/p>\n<p>We will not be responsible for the privacy practices or the content of these sites. You use these websites and related third party services at your own risk. We will not accept any liability for any loss or damage of any kind whatsoever arising from your disclosure of personal information to third parties.<\/p>\n<h2>6. Responsible use<\/h2>\n<p>By visiting our website, you agree to use our website only for the purposes intended and permitted by these Terms, any additional agreements with us and applicable laws, regulations and generally accepted online practices and industry guidelines. You must not use our website or services to use, post or distribute any material that contains (or is linked to) malicious computer software; to use data collected from our website for any direct marketing activities; or to conduct any systematic or automated data collection activities on or in relation to our website.<\/p>\n<p>It is strictly prohibited to engage in any activity that damages or may damage the website or interferes with the performance, availability or accessibility of the website.<\/p>\n<h2>7. Idea presentation<\/h2>\n<p>Do not submit any ideas, inventions, works of authorship or other information that could be considered your own intellectual property that you wish to provide to us, unless we have signed an intellectual property agreement or confidentiality agreement. If you disclose to us without such a written agreement, you grant us a worldwide, irrevocable, non-exclusive, royalty-free license to use, reproduce, store, adapt, publish, translate and distribute your content in any existing or future media.<\/p>\n<h2>8. Termination of use<\/h2>\n<p>We may, in our sole discretion, modify or discontinue, temporarily or permanently, access to the website or any Services therein at any time. You agree that we shall not be liable to you or any third party for any such modification, suspension or discontinuance of your access to or use of the website or any Content you may have posted on the website. You will not be entitled to any compensation or other payment, even if certain features, settings and\/or any Content you contributed or relied upon is permanently lost. You must not circumvent or bypass, or attempt to circumvent or bypass, any access restriction measures on our Website.<\/p>\n<h2>9. Privacy<\/h2>\n<p>To access our website and\/or services, you may be required to provide certain information about yourself as part of the registration process. You agree that any information you provide will always be accurate, correct, and up to date.<\/p>\n<p>In order to access our website and\/or services, you may be required to provide certain information about yourself as part of the registration process. You agree that the information you provide will always be true, accurate and up to date.<\/p>\n<p>We have developed a policy to address any privacy concerns you may have.<\/p>\n<h2>10. Language<\/h2>\n<p>These Terms and Conditions shall be construed and interpreted exclusively in Turkish. All notices and correspondence shall be written in that language only.<\/p>\n<h2>11. Updating these Terms and Conditions<\/h2>\n<p>We may update these Terms and Conditions from time to time. The date given at the beginning of these Terms and Conditions is the date of the latest revision. We will give you written notice of any changes or updates and the revised Terms and Conditions will be effective from the date we give you such notice. Your continued use of this website following the posting of any changes or updates will be deemed notice that you agree to comply with and be bound by these Terms and Conditions. To request an earlier version of these Terms and Conditions, please contact us.<\/p>\n<h2>12. Choice of Law and Jurisdiction<\/h2>\n<p>These Terms and Conditions shall be governed by the laws of Turkey. Any dispute relating to these Terms and Conditions shall be subject to the jurisdiction of the courts of Turkey. If any section or provision of these Terms and Conditions is found by a court or other authority to be invalid and\/or unenforceable under applicable law, such section or provision shall be modified, deleted and\/or enforced to the maximum extent permissible to give effect to the intent of these Terms and Conditions. Other provisions will not be affected.<\/p>\n<h2>13. Contact information<\/h2>\n<p>This website is owned and operated by Sera\u015f Construction Group.<\/p>\n<p>You may contact us regarding these Terms and Conditions by writing or emailing us at the address below: info@serasinsaat.com<br \/>K\u00fclt\u00fcr Mh. H\u00fcrriyet Cd. No:42\/A Kepez\/ANTALYA<\/p>\n<h2>14. Download<\/h2>\n<p>You can also download our Terms and Conditions as a PDF <a href=\"https:\/\/vita.serasinsaat.com.tr\/wp-content\/plugins\/complianz-terms-conditions\/download.php\">you can download it.<\/a><\/p>\t\t\t\t\t\t\t\t<\/div>\n\t\t\t\t<\/div>\n\t\t            <\/div>\r\n        <\/div>\r\n        \t\t\t<\/div>\n\t\t<\/section>\n\t\t\t\t<\/div>","protected":false},"excerpt":{"rendered":"<p>H\u00fck\u00fcm ve Ko\u015fullar en son 13 Temmuz 2024 tarihinde g\u00fcncellenmi\u015ftir. 1. Giri\u015f Bu H\u00fck\u00fcm ve ko\u015fullar, bu web sitesi ve \u00fcr\u00fcnlerimiz ve hizmetlerimizle ilgili i\u015flemler i\u00e7in ge\u00e7erlidir. Bizimle olan ili\u015fkiniz veya bizden ald\u0131\u011f\u0131n\u0131z herhangi bir \u00fcr\u00fcn veya hizmetle ilgili ek s\u00f6zle\u015fmelere ba\u011fl\u0131 olabilirsiniz. Ek s\u00f6zle\u015fmelerin herhangi bir h\u00fckm\u00fcn\u00fcn bu \u015eartlar\u0131n herhangi bir h\u00fckm\u00fcyle \u00e7eli\u015fmesi durumunda, [&hellip;]<\/p>\n","protected":false},"author":1,"featured_media":10049,"parent":0,"menu_order":0,"comment_status":"closed","ping_status":"closed","template":"","meta":{"footnotes":""},"class_list":["post-10772","page","type-page","status-publish","has-post-thumbnail","hentry"],"yoast_head":"<!-- This site is optimized with the Yoast SEO Premium plugin v23.0 (Yoast SEO v27.4) - https:\/\/yoast.com\/product\/yoast-seo-premium-wordpress\/ -->\n<title>Gizlilik Politikas\u0131 - Vita Perla &amp; Vita Serenity - Sera\u015f \u0130n\u015faat Grubu - Antalya \u0130n\u015faat Projesi<\/title>\n<meta name=\"description\" content=\"Antalya Alt\u0131nova \u0130n\u015faat projesi. Sat\u0131l\u0131k ve kiral\u0131k daireler. Antalyan\u0131n en iyi in\u015faat projesine g\u00f6zat\u0131n. Sera\u015f \u0130n\u015faat Grubu taraf\u0131ndan yap..\" \/>\n<meta name=\"robots\" content=\"index, follow, max-snippet:-1, max-image-preview:large, max-video-preview:-1\" \/>\n<link rel=\"canonical\" href=\"https:\/\/vita.serasinsaat.com.tr\/en\/gizlilik-politikamiz\/\" \/>\n<meta property=\"og:locale\" content=\"en_US\" \/>\n<meta property=\"og:type\" content=\"article\" \/>\n<meta property=\"og:title\" content=\"Gizlilik ve \u00c7erez Politikas\u0131\" \/>\n<meta property=\"og:description\" content=\"Antalya Alt\u0131nova \u0130n\u015faat projesi. Sat\u0131l\u0131k ve kiral\u0131k daireler. Antalyan\u0131n en iyi in\u015faat projesine g\u00f6zat\u0131n. Sera\u015f \u0130n\u015faat Grubu taraf\u0131ndan yap..\" \/>\n<meta property=\"og:url\" content=\"https:\/\/vita.serasinsaat.com.tr\/en\/gizlilik-politikamiz\/\" \/>\n<meta property=\"og:site_name\" content=\"Vita Perla &amp; Vita Serenity\" \/>\n<meta property=\"article:modified_time\" content=\"2024-07-13T20:49:58+00:00\" \/>\n<meta property=\"og:image\" content=\"https:\/\/vita.serasinsaat.com.tr\/wp-content\/uploads\/2023\/05\/31-TiP-A-giris-9_Post-copy.jpg\" \/>\n\t<meta property=\"og:image:width\" content=\"1920\" \/>\n\t<meta property=\"og:image:height\" content=\"1080\" \/>\n\t<meta property=\"og:image:type\" content=\"image\/jpeg\" \/>\n<meta name=\"twitter:card\" content=\"summary_large_image\" \/>\n<meta name=\"twitter:label1\" content=\"Est. reading time\" \/>\n\t<meta name=\"twitter:data1\" content=\"6 minutes\" \/>\n<script type=\"application\/ld+json\" class=\"yoast-schema-graph\">{\"@context\":\"https:\\\/\\\/schema.org\",\"@graph\":[{\"@type\":\"WebPage\",\"@id\":\"https:\\\/\\\/vita.serasinsaat.com.tr\\\/gizlilik-politikamiz\\\/\",\"url\":\"https:\\\/\\\/vita.serasinsaat.com.tr\\\/gizlilik-politikamiz\\\/\",\"name\":\"Gizlilik Politikas\u0131 - Vita Perla &amp; Vita Serenity - Sera\u015f \u0130n\u015faat Grubu - Antalya \u0130n\u015faat Projesi\",\"isPartOf\":{\"@id\":\"https:\\\/\\\/vita.serasinsaat.com.tr\\\/#website\"},\"primaryImageOfPage\":{\"@id\":\"https:\\\/\\\/vita.serasinsaat.com.tr\\\/gizlilik-politikamiz\\\/#primaryimage\"},\"image\":{\"@id\":\"https:\\\/\\\/vita.serasinsaat.com.tr\\\/gizlilik-politikamiz\\\/#primaryimage\"},\"thumbnailUrl\":\"https:\\\/\\\/vita.serasinsaat.com.tr\\\/wp-content\\\/uploads\\\/2023\\\/05\\\/31-TiP-A-giris-9_Post-copy.jpg\",\"datePublished\":\"2024-07-13T06:58:09+00:00\",\"dateModified\":\"2024-07-13T20:49:58+00:00\",\"description\":\"Antalya Alt\u0131nova \u0130n\u015faat projesi. Sat\u0131l\u0131k ve kiral\u0131k daireler. Antalyan\u0131n en iyi in\u015faat projesine g\u00f6zat\u0131n. Sera\u015f \u0130n\u015faat Grubu taraf\u0131ndan yap..\",\"breadcrumb\":{\"@id\":\"https:\\\/\\\/vita.serasinsaat.com.tr\\\/gizlilik-politikamiz\\\/#breadcrumb\"},\"inLanguage\":\"en-US\",\"potentialAction\":[{\"@type\":\"ReadAction\",\"target\":[\"https:\\\/\\\/vita.serasinsaat.com.tr\\\/gizlilik-politikamiz\\\/\"]}]},{\"@type\":\"ImageObject\",\"inLanguage\":\"en-US\",\"@id\":\"https:\\\/\\\/vita.serasinsaat.com.tr\\\/gizlilik-politikamiz\\\/#primaryimage\",\"url\":\"https:\\\/\\\/vita.serasinsaat.com.tr\\\/wp-content\\\/uploads\\\/2023\\\/05\\\/31-TiP-A-giris-9_Post-copy.jpg\",\"contentUrl\":\"https:\\\/\\\/vita.serasinsaat.com.tr\\\/wp-content\\\/uploads\\\/2023\\\/05\\\/31-TiP-A-giris-9_Post-copy.jpg\",\"width\":1920,\"height\":1080},{\"@type\":\"BreadcrumbList\",\"@id\":\"https:\\\/\\\/vita.serasinsaat.com.tr\\\/gizlilik-politikamiz\\\/#breadcrumb\",\"itemListElement\":[{\"@type\":\"ListItem\",\"position\":1,\"name\":\"Home\",\"item\":\"https:\\\/\\\/vita.serasinsaat.com.tr\\\/\"},{\"@type\":\"ListItem\",\"position\":2,\"name\":\"Gizlilik ve \u00c7erez Politikas\u0131\"}]},{\"@type\":\"WebSite\",\"@id\":\"https:\\\/\\\/vita.serasinsaat.com.tr\\\/#website\",\"url\":\"https:\\\/\\\/vita.serasinsaat.com.tr\\\/\",\"name\":\"Vita Perla & Vita Serenity\",\"description\":\"Sera\u015f \u0130n\u015faat Grubu Projesi\",\"publisher\":{\"@id\":\"https:\\\/\\\/vita.serasinsaat.com.tr\\\/#organization\"},\"alternateName\":\"Sera\u015f \u0130n\u015faat\",\"potentialAction\":[{\"@type\":\"SearchAction\",\"target\":{\"@type\":\"EntryPoint\",\"urlTemplate\":\"https:\\\/\\\/vita.serasinsaat.com.tr\\\/?s={search_term_string}\"},\"query-input\":{\"@type\":\"PropertyValueSpecification\",\"valueRequired\":true,\"valueName\":\"search_term_string\"}}],\"inLanguage\":\"en-US\"},{\"@type\":\"Organization\",\"@id\":\"https:\\\/\\\/vita.serasinsaat.com.tr\\\/#organization\",\"name\":\"Sera\u015f \u0130n\u015faat Grubu\",\"url\":\"https:\\\/\\\/vita.serasinsaat.com.tr\\\/\",\"logo\":{\"@type\":\"ImageObject\",\"inLanguage\":\"en-US\",\"@id\":\"https:\\\/\\\/vita.serasinsaat.com.tr\\\/#\\\/schema\\\/logo\\\/image\\\/\",\"url\":\"https:\\\/\\\/vita.serasinsaat.com.tr\\\/wp-content\\\/uploads\\\/2024\\\/06\\\/Vita-Perla-Serenity-Logo-1.jpg\",\"contentUrl\":\"https:\\\/\\\/vita.serasinsaat.com.tr\\\/wp-content\\\/uploads\\\/2024\\\/06\\\/Vita-Perla-Serenity-Logo-1.jpg\",\"width\":512,\"height\":512,\"caption\":\"Sera\u015f \u0130n\u015faat Grubu\"},\"image\":{\"@id\":\"https:\\\/\\\/vita.serasinsaat.com.tr\\\/#\\\/schema\\\/logo\\\/image\\\/\"},\"sameAs\":[\"https:\\\/\\\/www.instagram.com\\\/serasinsaat\\\/\"]}]}<\/script>\n<!-- \/ Yoast SEO Premium plugin. -->","yoast_head_json":{"title":"Privacy Policy - Vita Perla &amp; Vita Serenity - Sera\u015f Construction Group - Antalya Construction Project","description":"Antalya Altinova Construction project. Apartments for sale and rent. Check out the best construction project in Antalya. Built by Seras Construction Group...","robots":{"index":"index","follow":"follow","max-snippet":"max-snippet:-1","max-image-preview":"max-image-preview:large","max-video-preview":"max-video-preview:-1"},"canonical":"https:\/\/vita.serasinsaat.com.tr\/en\/gizlilik-politikamiz\/","og_locale":"en_US","og_type":"article","og_title":"Gizlilik ve \u00c7erez Politikas\u0131","og_description":"Antalya Alt\u0131nova \u0130n\u015faat projesi. Sat\u0131l\u0131k ve kiral\u0131k daireler. Antalyan\u0131n en iyi in\u015faat projesine g\u00f6zat\u0131n. Sera\u015f \u0130n\u015faat Grubu taraf\u0131ndan yap..","og_url":"https:\/\/vita.serasinsaat.com.tr\/en\/gizlilik-politikamiz\/","og_site_name":"Vita Perla &amp; Vita Serenity","article_modified_time":"2024-07-13T20:49:58+00:00","og_image":[{"width":1920,"height":1080,"url":"https:\/\/vita.serasinsaat.com.tr\/wp-content\/uploads\/2023\/05\/31-TiP-A-giris-9_Post-copy.jpg","type":"image\/jpeg"}],"twitter_card":"summary_large_image","twitter_misc":{"Est. reading time":"6 minutes"},"schema":{"@context":"https:\/\/schema.org","@graph":[{"@type":"WebPage","@id":"https:\/\/vita.serasinsaat.com.tr\/gizlilik-politikamiz\/","url":"https:\/\/vita.serasinsaat.com.tr\/gizlilik-politikamiz\/","name":"Privacy Policy - Vita Perla &amp; Vita Serenity - Sera\u015f Construction Group - Antalya Construction Project","isPartOf":{"@id":"https:\/\/vita.serasinsaat.com.tr\/#website"},"primaryImageOfPage":{"@id":"https:\/\/vita.serasinsaat.com.tr\/gizlilik-politikamiz\/#primaryimage"},"image":{"@id":"https:\/\/vita.serasinsaat.com.tr\/gizlilik-politikamiz\/#primaryimage"},"thumbnailUrl":"https:\/\/vita.serasinsaat.com.tr\/wp-content\/uploads\/2023\/05\/31-TiP-A-giris-9_Post-copy.jpg","datePublished":"2024-07-13T06:58:09+00:00","dateModified":"2024-07-13T20:49:58+00:00","description":"Antalya Altinova Construction project. Apartments for sale and rent. Check out the best construction project in Antalya. Built by Seras Construction Group...","breadcrumb":{"@id":"https:\/\/vita.serasinsaat.com.tr\/gizlilik-politikamiz\/#breadcrumb"},"inLanguage":"en-US","potentialAction":[{"@type":"ReadAction","target":["https:\/\/vita.serasinsaat.com.tr\/gizlilik-politikamiz\/"]}]},{"@type":"ImageObject","inLanguage":"en-US","@id":"https:\/\/vita.serasinsaat.com.tr\/gizlilik-politikamiz\/#primaryimage","url":"https:\/\/vita.serasinsaat.com.tr\/wp-content\/uploads\/2023\/05\/31-TiP-A-giris-9_Post-copy.jpg","contentUrl":"https:\/\/vita.serasinsaat.com.tr\/wp-content\/uploads\/2023\/05\/31-TiP-A-giris-9_Post-copy.jpg","width":1920,"height":1080},{"@type":"BreadcrumbList","@id":"https:\/\/vita.serasinsaat.com.tr\/gizlilik-politikamiz\/#breadcrumb","itemListElement":[{"@type":"ListItem","position":1,"name":"Home","item":"https:\/\/vita.serasinsaat.com.tr\/"},{"@type":"ListItem","position":2,"name":"Gizlilik ve \u00c7erez Politikas\u0131"}]},{"@type":"WebSite","@id":"https:\/\/vita.serasinsaat.com.tr\/#website","url":"https:\/\/vita.serasinsaat.com.tr\/","name":"Vita Perla &amp; Vita Serenity","description":"Seras Construction Group Project","publisher":{"@id":"https:\/\/vita.serasinsaat.com.tr\/#organization"},"alternateName":"Sera\u015f \u0130n\u015faat","potentialAction":[{"@type":"SearchAction","target":{"@type":"EntryPoint","urlTemplate":"https:\/\/vita.serasinsaat.com.tr\/?s={search_term_string}"},"query-input":{"@type":"PropertyValueSpecification","valueRequired":true,"valueName":"search_term_string"}}],"inLanguage":"en-US"},{"@type":"Organization","@id":"https:\/\/vita.serasinsaat.com.tr\/#organization","name":"Seras Construction Group","url":"https:\/\/vita.serasinsaat.com.tr\/","logo":{"@type":"ImageObject","inLanguage":"en-US","@id":"https:\/\/vita.serasinsaat.com.tr\/#\/schema\/logo\/image\/","url":"https:\/\/vita.serasinsaat.com.tr\/wp-content\/uploads\/2024\/06\/Vita-Perla-Serenity-Logo-1.jpg","contentUrl":"https:\/\/vita.serasinsaat.com.tr\/wp-content\/uploads\/2024\/06\/Vita-Perla-Serenity-Logo-1.jpg","width":512,"height":512,"caption":"Sera\u015f \u0130n\u015faat Grubu"},"image":{"@id":"https:\/\/vita.serasinsaat.com.tr\/#\/schema\/logo\/image\/"},"sameAs":["https:\/\/www.instagram.com\/serasinsaat\/"]}]}},"_links":{"self":[{"href":"https:\/\/vita.serasinsaat.com.tr\/en\/wp-json\/wp\/v2\/pages\/10772","targetHints":{"allow":["GET"]}}],"collection":[{"href":"https:\/\/vita.serasinsaat.com.tr\/en\/wp-json\/wp\/v2\/pages"}],"about":[{"href":"https:\/\/vita.serasinsaat.com.tr\/en\/wp-json\/wp\/v2\/types\/page"}],"author":[{"embeddable":true,"href":"https:\/\/vita.serasinsaat.com.tr\/en\/wp-json\/wp\/v2\/users\/1"}],"replies":[{"embeddable":true,"href":"https:\/\/vita.serasinsaat.com.tr\/en\/wp-json\/wp\/v2\/comments?post=10772"}],"version-history":[{"count":5,"href":"https:\/\/vita.serasinsaat.com.tr\/en\/wp-json\/wp\/v2\/pages\/10772\/revisions"}],"predecessor-version":[{"id":10781,"href":"https:\/\/vita.serasinsaat.com.tr\/en\/wp-json\/wp\/v2\/pages\/10772\/revisions\/10781"}],"wp:featuredmedia":[{"embeddable":true,"href":"https:\/\/vita.serasinsaat.com.tr\/en\/wp-json\/wp\/v2\/media\/10049"}],"wp:attachment":[{"href":"https:\/\/vita.serasinsaat.com.tr\/en\/wp-json\/wp\/v2\/media?parent=10772"}],"curies":[{"name":"wp","href":"https:\/\/api.w.org\/{rel}","templated":true}]}}