{"id":10772,"date":"2024-07-13T06:58:09","date_gmt":"2024-07-13T06:58:09","guid":{"rendered":"https:\/\/vita.serasinsaat.com.tr\/?page_id=10772"},"modified":"2024-07-13T20:49:58","modified_gmt":"2024-07-13T20:49:58","slug":"gizlilik-politikamiz","status":"publish","type":"page","link":"https:\/\/vita.serasinsaat.com.tr\/de\/gizlilik-politikamiz\/","title":{"rendered":"Datenschutz und Cookie-Richtlinie"},"content":{"rendered":"<div data-elementor-type=\"wp-page\" data-elementor-id=\"10772\" class=\"elementor elementor-10772\" data-elementor-post-type=\"page\">\n\t\t\t\t        <section class=\"elementor-section elementor-top-section elementor-element elementor-element-2d58fd25 elementor-section-boxed elementor-section-height-default elementor-section-height-default pxl-row-scroll-none pxl-show-grid-none pxl-section-bg-none pxl-section-grid-bg-false\" data-id=\"2d58fd25\" data-element_type=\"section\" data-e-type=\"section\">\n\n                \n                <div class=\"elementor-container elementor-column-gap-default\">\n                <div class=\"elementor-column elementor-col-100 elementor-top-column elementor-element elementor-element-50225616 pxl-column-none\" data-id=\"50225616\" data-element_type=\"column\" data-e-type=\"column\">\r\n        <div class=\"elementor-widget-wrap elementor-element-populated\">\r\n                     \r\n        \t\t<div class=\"elementor-element elementor-element-1e77af96 elementor-widget elementor-widget-text-editor\" data-id=\"1e77af96\" data-element_type=\"widget\" data-e-type=\"widget\" data-widget_type=\"text-editor.default\">\n\t\t\t\t<div class=\"elementor-widget-container\">\n\t\t\t\t\t\t\t\t\t<p><em>Die Allgemeinen Gesch\u00e4ftsbedingungen wurden zuletzt am 13. Juli 2024 aktualisiert.<\/em><\/p>\n<h2>1. einleitung<\/h2>\n<p>Diese Allgemeinen Gesch\u00e4ftsbedingungen gelten f\u00fcr Transaktionen im Zusammenhang mit dieser Website und unseren Produkten und Dienstleistungen. Es kann sein, dass Sie an zus\u00e4tzliche Vereinbarungen bez\u00fcglich Ihrer Beziehung zu uns oder der Produkte oder Dienstleistungen, die Sie von uns erhalten, gebunden sind. Sollte eine Bestimmung einer zus\u00e4tzlichen Vereinbarung im Widerspruch zu einer Bestimmung dieser Bedingungen stehen, haben die Bestimmungen dieser zus\u00e4tzlichen Vereinbarungen Vorrang und gelten.<\/p>\n<h2>2. stecker<\/h2>\n<p>Mit der Registrierung, dem Zugriff auf diese Website oder der sonstigen Nutzung dieser Website erkl\u00e4ren Sie sich mit den nachstehenden Bedingungen einverstanden. Die blo\u00dfe Nutzung dieser Website gilt als Anerkennung und Zustimmung zu diesen Bedingungen. Unter bestimmten Umst\u00e4nden k\u00f6nnen wir Sie auch auffordern, diese ausdr\u00fccklich zu akzeptieren.<\/p>\n<h2>3. geistiges Eigentum<\/h2>\n<p>Wir oder unsere Lizenzgeber besitzen und kontrollieren alle Urheberrechte und sonstigen geistigen Eigentumsrechte an der Website sowie an den Daten, Informationen und sonstigen Ressourcen, die auf der Website angezeigt werden oder \u00fcber diese zug\u00e4nglich sind.<\/p>\n<p class=\"cmplz-subtitle\"><strong>3.1 Alle Rechte vorbehalten<\/strong><\/p>\n<p>Sofern aus dem spezifischen Inhalt nichts anderes hervorgeht, wird Ihnen keine Lizenz oder ein sonstiges Recht aus dem Urheberrecht, dem Markenrecht, dem Patentrecht oder anderen Rechten des geistigen Eigentums gew\u00e4hrt. Das bedeutet, dass Sie ohne unsere vorherige schriftliche Genehmigung keine Ressourcen auf dieser Website verwenden, kopieren, reproduzieren, vorf\u00fchren, ausstellen, vertreiben, auf elektronische Medien \u00fcbertragen, modifizieren, zur\u00fcckentwickeln, dekompilieren, \u00fcbertragen, herunterladen, \u00fcbermitteln, monetarisieren, verkaufen, vermarkten oder kommerzialisieren d\u00fcrfen, sofern nicht zwingende gesetzliche Bestimmungen (wie das Zitatrecht) etwas anderes vorsehen.<\/p>\n<h2>4. das Nachrichtenbulletin<\/h2>\n<p>Ungeachtet dessen k\u00f6nnen Sie unseren Newsletter in elektronischer Form an andere Personen weiterleiten, die an einem Besuch unserer Website interessiert sein k\u00f6nnten.<\/p>\n<h2>5. das Eigentum Dritter<\/h2>\n<p>Unsere Website kann Hyperlinks oder andere Verweise auf die Websites anderer Parteien enthalten. Wir \u00fcberwachen oder \u00fcberpr\u00fcfen nicht den Inhalt von Websites Dritter, auf die von dieser Website aus verlinkt wird. Produkte oder Dienstleistungen, die von anderen Websites angeboten werden, unterliegen den geltenden Gesch\u00e4ftsbedingungen dieser Dritten. Die auf diesen Websites zum Ausdruck gebrachten Ansichten oder Materialien werden von uns nicht geteilt oder gebilligt.<\/p>\n<p>Wir sind nicht verantwortlich f\u00fcr die Datenschutzpraktiken oder den Inhalt dieser Websites. Die Nutzung dieser Websites und der damit verbundenen Dienste Dritter erfolgt ausschlie\u00dflich auf Ihr eigenes Risiko. Wir \u00fcbernehmen keine Haftung f\u00fcr Verluste oder Sch\u00e4den, die sich aus der Weitergabe von pers\u00f6nlichen Informationen an Dritte ergeben.<\/p>\n<h2>6. verantwortungsvolle Nutzung<\/h2>\n<p>Mit dem Besuch unserer Website erkl\u00e4ren Sie sich damit einverstanden, unsere Website nur zu den Zwecken zu nutzen, die durch diese Bedingungen, etwaige zus\u00e4tzliche Vereinbarungen mit uns und die geltenden Gesetze, Vorschriften und allgemein anerkannten Online-Praktiken und Branchenrichtlinien vorgesehen und zul\u00e4ssig sind. Sie d\u00fcrfen unsere Website oder unsere Dienste nicht nutzen, um Material zu verwenden, zu ver\u00f6ffentlichen oder zu verbreiten, das b\u00f6sartige Computersoftware enth\u00e4lt (oder mit dieser verlinkt ist); um von unserer Website gesammelte Daten f\u00fcr Direktmarketing-Aktivit\u00e4ten zu nutzen; oder um systematische oder automatisierte Datenerfassungsaktivit\u00e4ten auf oder in Bezug auf unsere Website durchzuf\u00fchren.<\/p>\n<p>Es ist strengstens untersagt, sich an Aktivit\u00e4ten zu beteiligen, die die Website besch\u00e4digen oder besch\u00e4digen k\u00f6nnen oder die Leistung, Verf\u00fcgbarkeit oder Zug\u00e4nglichkeit der Website beeintr\u00e4chtigen.<\/p>\n<h2>7. die Pr\u00e4sentation einer Idee<\/h2>\n<p>\u00dcbermitteln Sie uns keine Ideen, Erfindungen, Werke oder andere Informationen, die als Ihr eigenes geistiges Eigentum betrachtet werden k\u00f6nnten, es sei denn, wir haben eine Vereinbarung \u00fcber geistiges Eigentum oder eine Vertraulichkeitsvereinbarung unterzeichnet. Wenn Sie uns ohne eine solche schriftliche Vereinbarung Informationen zur Verf\u00fcgung stellen, gew\u00e4hren Sie uns eine weltweite, unwiderrufliche, nicht-exklusive, geb\u00fchrenfreie Lizenz zur Nutzung, Reproduktion, Speicherung, Anpassung, Ver\u00f6ffentlichung, \u00dcbersetzung und Verbreitung Ihrer Inhalte in allen bestehenden oder zuk\u00fcnftigen Medien.<\/p>\n<h2>8. die Beendigung der Nutzung<\/h2>\n<p>Wir k\u00f6nnen nach eigenem Ermessen den Zugang zur Website oder zu den darin enthaltenen Diensten jederzeit vor\u00fcbergehend oder dauerhaft \u00e4ndern oder einstellen. Sie erkl\u00e4ren sich damit einverstanden, dass wir weder Ihnen noch Dritten gegen\u00fcber f\u00fcr eine solche \u00c4nderung, Aussetzung oder Beendigung Ihres Zugriffs auf die Website oder die Nutzung der Website oder von Inhalten, die Sie auf der Website ver\u00f6ffentlicht haben, haften. Sie haben keinen Anspruch auf eine Entsch\u00e4digung oder sonstige Zahlung, auch wenn bestimmte Funktionen, Einstellungen und\/oder Inhalte, die Sie beigetragen haben oder auf die Sie sich verlassen haben, dauerhaft verloren gehen. Sie d\u00fcrfen keine Zugangsbeschr\u00e4nkungsma\u00dfnahmen auf unserer Website umgehen oder umgehen lassen oder versuchen, diese zu umgehen oder zu umgehen.<\/p>\n<h2>9. die Vertraulichkeit<\/h2>\n<p>Um Zugang zu unserer Website und\/oder unseren Diensten zu erhalten, m\u00fcssen Sie im Rahmen des Registrierungsprozesses m\u00f6glicherweise bestimmte Informationen \u00fcber sich selbst angeben. Sie erkl\u00e4ren sich damit einverstanden, dass alle von Ihnen bereitgestellten Informationen immer genau, korrekt und aktuell sind.<\/p>\n<p>Um Zugang zu unserer Website und\/oder unseren Diensten zu erhalten, m\u00fcssen Sie im Rahmen des Registrierungsprozesses m\u00f6glicherweise bestimmte Informationen \u00fcber sich selbst angeben. Sie erkl\u00e4ren sich damit einverstanden, dass die von Ihnen zur Verf\u00fcgung gestellten Informationen immer wahr, genau und aktuell sind.<\/p>\n<p>Wir haben eine Richtlinie entwickelt, um etwaige Bedenken hinsichtlich des Datenschutzes auszur\u00e4umen.<\/p>\n<h2>10. sprache<\/h2>\n<p>Diese Allgemeinen Gesch\u00e4ftsbedingungen sind ausschlie\u00dflich in t\u00fcrkischer Sprache auszulegen und zu interpretieren. Alle Mitteilungen und der gesamte Schriftverkehr sind ausschlie\u00dflich in dieser Sprache abzufassen.<\/p>\n<h2>11. die Aktualisierung dieser Bedingungen und Konditionen<\/h2>\n<p>Wir k\u00f6nnen diese Allgemeinen Gesch\u00e4ftsbedingungen von Zeit zu Zeit aktualisieren. Das am Anfang dieser Gesch\u00e4ftsbedingungen angegebene Datum ist das Datum der letzten \u00dcberarbeitung. Wir werden Sie schriftlich \u00fcber alle \u00c4nderungen oder Aktualisierungen informieren, und die \u00fcberarbeiteten Bedingungen treten ab dem Datum in Kraft, an dem wir Ihnen diese Mitteilung zukommen lassen. Die fortgesetzte Nutzung dieser Website nach der Ver\u00f6ffentlichung von \u00c4nderungen oder Aktualisierungen gilt als Ihre Zustimmung zur Einhaltung dieser Bedingungen und Konditionen. Um eine fr\u00fchere Version dieser Bedingungen anzufordern, wenden Sie sich bitte an uns.<\/p>\n<h2>12. rechtswahl und gerichtsstand<\/h2>\n<p>Diese Allgemeinen Gesch\u00e4ftsbedingungen unterliegen den Gesetzen der T\u00fcrkei. Alle Streitigkeiten im Zusammenhang mit diesen Allgemeinen Gesch\u00e4ftsbedingungen unterliegen der Gerichtsbarkeit der t\u00fcrkischen Gerichte. Wenn ein Abschnitt oder eine Bestimmung dieser Bedingungen von einem Gericht oder einer anderen Beh\u00f6rde als ung\u00fcltig und\/oder nicht durchsetzbar nach geltendem Recht befunden wird, wird dieser Abschnitt oder diese Bestimmung so weit wie m\u00f6glich ge\u00e4ndert, gel\u00f6scht und\/oder durchgesetzt, um die Absicht dieser Bedingungen zu verwirklichen. Andere Bestimmungen bleiben davon unber\u00fchrt.<\/p>\n<h2>13. kontaktangaben<\/h2>\n<p>Diese Website ist Eigentum der Sera\u015f Construction Group und wird von ihr betrieben.<\/p>\n<p>Sie k\u00f6nnen uns in Bezug auf diese Allgemeinen Gesch\u00e4ftsbedingungen schriftlich oder per E-Mail unter folgender Adresse kontaktieren info@serasinsaat.com<br \/>K\u00fclt\u00fcr Mh. H\u00fcrriyet Cd. No:42\/A Kepez\/ANTALYA<\/p>\n<h2>14. herunterladen<\/h2>\n<p>Sie k\u00f6nnen auch unsere Allgemeinen Gesch\u00e4ftsbedingungen als PDF herunterladen <a href=\"https:\/\/vita.serasinsaat.com.tr\/wp-content\/plugins\/complianz-terms-conditions\/download.php\">k\u00f6nnen Sie es herunterladen.<\/a><\/p>\t\t\t\t\t\t\t\t<\/div>\n\t\t\t\t<\/div>\n\t\t            <\/div>\r\n        <\/div>\r\n        \t\t\t<\/div>\n\t\t<\/section>\n\t\t\t\t<\/div>","protected":false},"excerpt":{"rendered":"<p>H\u00fck\u00fcm ve Ko\u015fullar en son 13 Temmuz 2024 tarihinde g\u00fcncellenmi\u015ftir. 1. Giri\u015f Bu H\u00fck\u00fcm ve ko\u015fullar, bu web sitesi ve \u00fcr\u00fcnlerimiz ve hizmetlerimizle ilgili i\u015flemler i\u00e7in ge\u00e7erlidir. Bizimle olan ili\u015fkiniz veya bizden ald\u0131\u011f\u0131n\u0131z herhangi bir \u00fcr\u00fcn veya hizmetle ilgili ek s\u00f6zle\u015fmelere ba\u011fl\u0131 olabilirsiniz. Ek s\u00f6zle\u015fmelerin herhangi bir h\u00fckm\u00fcn\u00fcn bu \u015eartlar\u0131n herhangi bir h\u00fckm\u00fcyle \u00e7eli\u015fmesi durumunda, [&hellip;]<\/p>\n","protected":false},"author":1,"featured_media":10049,"parent":0,"menu_order":0,"comment_status":"closed","ping_status":"closed","template":"","meta":{"footnotes":""},"class_list":["post-10772","page","type-page","status-publish","has-post-thumbnail","hentry"],"yoast_head":"<!-- This site is optimized with the Yoast SEO Premium plugin v23.0 (Yoast SEO v27.5) - https:\/\/yoast.com\/product\/yoast-seo-premium-wordpress\/ -->\n<title>Gizlilik Politikas\u0131 - Vita Perla &amp; Vita Serenity - Sera\u015f \u0130n\u015faat Grubu - Antalya \u0130n\u015faat Projesi<\/title>\n<meta name=\"description\" content=\"Antalya Alt\u0131nova \u0130n\u015faat projesi. Sat\u0131l\u0131k ve kiral\u0131k daireler. Antalyan\u0131n en iyi in\u015faat projesine g\u00f6zat\u0131n. Sera\u015f \u0130n\u015faat Grubu taraf\u0131ndan yap..\" \/>\n<meta name=\"robots\" content=\"index, follow, max-snippet:-1, max-image-preview:large, max-video-preview:-1\" \/>\n<link rel=\"canonical\" href=\"https:\/\/vita.serasinsaat.com.tr\/de\/gizlilik-politikamiz\/\" \/>\n<meta property=\"og:locale\" content=\"de_DE\" \/>\n<meta property=\"og:type\" content=\"article\" \/>\n<meta property=\"og:title\" content=\"Gizlilik ve \u00c7erez Politikas\u0131\" \/>\n<meta property=\"og:description\" content=\"Antalya Alt\u0131nova \u0130n\u015faat projesi. Sat\u0131l\u0131k ve kiral\u0131k daireler. Antalyan\u0131n en iyi in\u015faat projesine g\u00f6zat\u0131n. Sera\u015f \u0130n\u015faat Grubu taraf\u0131ndan yap..\" \/>\n<meta property=\"og:url\" content=\"https:\/\/vita.serasinsaat.com.tr\/de\/gizlilik-politikamiz\/\" \/>\n<meta property=\"og:site_name\" content=\"Vita Perla &amp; Vita Serenity\" \/>\n<meta property=\"article:modified_time\" content=\"2024-07-13T20:49:58+00:00\" \/>\n<meta property=\"og:image\" content=\"https:\/\/vita.serasinsaat.com.tr\/wp-content\/uploads\/2023\/05\/31-TiP-A-giris-9_Post-copy.jpg\" \/>\n\t<meta property=\"og:image:width\" content=\"1920\" \/>\n\t<meta property=\"og:image:height\" content=\"1080\" \/>\n\t<meta property=\"og:image:type\" content=\"image\/jpeg\" \/>\n<meta name=\"twitter:card\" content=\"summary_large_image\" \/>\n<meta name=\"twitter:label1\" content=\"Gesch\u00e4tzte Lesezeit\" \/>\n\t<meta name=\"twitter:data1\" content=\"6\u00a0Minuten\" \/>\n<script type=\"application\/ld+json\" class=\"yoast-schema-graph\">{\"@context\":\"https:\\\/\\\/schema.org\",\"@graph\":[{\"@type\":\"WebPage\",\"@id\":\"https:\\\/\\\/vita.serasinsaat.com.tr\\\/gizlilik-politikamiz\\\/\",\"url\":\"https:\\\/\\\/vita.serasinsaat.com.tr\\\/gizlilik-politikamiz\\\/\",\"name\":\"Gizlilik Politikas\u0131 - Vita Perla &amp; Vita Serenity - Sera\u015f \u0130n\u015faat Grubu - Antalya \u0130n\u015faat Projesi\",\"isPartOf\":{\"@id\":\"https:\\\/\\\/vita.serasinsaat.com.tr\\\/#website\"},\"primaryImageOfPage\":{\"@id\":\"https:\\\/\\\/vita.serasinsaat.com.tr\\\/gizlilik-politikamiz\\\/#primaryimage\"},\"image\":{\"@id\":\"https:\\\/\\\/vita.serasinsaat.com.tr\\\/gizlilik-politikamiz\\\/#primaryimage\"},\"thumbnailUrl\":\"https:\\\/\\\/vita.serasinsaat.com.tr\\\/wp-content\\\/uploads\\\/2023\\\/05\\\/31-TiP-A-giris-9_Post-copy.jpg\",\"datePublished\":\"2024-07-13T06:58:09+00:00\",\"dateModified\":\"2024-07-13T20:49:58+00:00\",\"description\":\"Antalya Alt\u0131nova \u0130n\u015faat projesi. Sat\u0131l\u0131k ve kiral\u0131k daireler. Antalyan\u0131n en iyi in\u015faat projesine g\u00f6zat\u0131n. Sera\u015f \u0130n\u015faat Grubu taraf\u0131ndan yap..\",\"breadcrumb\":{\"@id\":\"https:\\\/\\\/vita.serasinsaat.com.tr\\\/gizlilik-politikamiz\\\/#breadcrumb\"},\"inLanguage\":\"de\",\"potentialAction\":[{\"@type\":\"ReadAction\",\"target\":[\"https:\\\/\\\/vita.serasinsaat.com.tr\\\/gizlilik-politikamiz\\\/\"]}]},{\"@type\":\"ImageObject\",\"inLanguage\":\"de\",\"@id\":\"https:\\\/\\\/vita.serasinsaat.com.tr\\\/gizlilik-politikamiz\\\/#primaryimage\",\"url\":\"https:\\\/\\\/vita.serasinsaat.com.tr\\\/wp-content\\\/uploads\\\/2023\\\/05\\\/31-TiP-A-giris-9_Post-copy.jpg\",\"contentUrl\":\"https:\\\/\\\/vita.serasinsaat.com.tr\\\/wp-content\\\/uploads\\\/2023\\\/05\\\/31-TiP-A-giris-9_Post-copy.jpg\",\"width\":1920,\"height\":1080},{\"@type\":\"BreadcrumbList\",\"@id\":\"https:\\\/\\\/vita.serasinsaat.com.tr\\\/gizlilik-politikamiz\\\/#breadcrumb\",\"itemListElement\":[{\"@type\":\"ListItem\",\"position\":1,\"name\":\"Home\",\"item\":\"https:\\\/\\\/vita.serasinsaat.com.tr\\\/\"},{\"@type\":\"ListItem\",\"position\":2,\"name\":\"Gizlilik ve \u00c7erez Politikas\u0131\"}]},{\"@type\":\"WebSite\",\"@id\":\"https:\\\/\\\/vita.serasinsaat.com.tr\\\/#website\",\"url\":\"https:\\\/\\\/vita.serasinsaat.com.tr\\\/\",\"name\":\"Vita Perla & Vita Serenity\",\"description\":\"Sera\u015f \u0130n\u015faat Grubu Projesi\",\"publisher\":{\"@id\":\"https:\\\/\\\/vita.serasinsaat.com.tr\\\/#organization\"},\"alternateName\":\"Sera\u015f \u0130n\u015faat\",\"potentialAction\":[{\"@type\":\"SearchAction\",\"target\":{\"@type\":\"EntryPoint\",\"urlTemplate\":\"https:\\\/\\\/vita.serasinsaat.com.tr\\\/?s={search_term_string}\"},\"query-input\":{\"@type\":\"PropertyValueSpecification\",\"valueRequired\":true,\"valueName\":\"search_term_string\"}}],\"inLanguage\":\"de\"},{\"@type\":\"Organization\",\"@id\":\"https:\\\/\\\/vita.serasinsaat.com.tr\\\/#organization\",\"name\":\"Sera\u015f \u0130n\u015faat Grubu\",\"url\":\"https:\\\/\\\/vita.serasinsaat.com.tr\\\/\",\"logo\":{\"@type\":\"ImageObject\",\"inLanguage\":\"de\",\"@id\":\"https:\\\/\\\/vita.serasinsaat.com.tr\\\/#\\\/schema\\\/logo\\\/image\\\/\",\"url\":\"https:\\\/\\\/vita.serasinsaat.com.tr\\\/wp-content\\\/uploads\\\/2024\\\/06\\\/Vita-Perla-Serenity-Logo-1.jpg\",\"contentUrl\":\"https:\\\/\\\/vita.serasinsaat.com.tr\\\/wp-content\\\/uploads\\\/2024\\\/06\\\/Vita-Perla-Serenity-Logo-1.jpg\",\"width\":512,\"height\":512,\"caption\":\"Sera\u015f \u0130n\u015faat Grubu\"},\"image\":{\"@id\":\"https:\\\/\\\/vita.serasinsaat.com.tr\\\/#\\\/schema\\\/logo\\\/image\\\/\"},\"sameAs\":[\"https:\\\/\\\/www.instagram.com\\\/serasinsaat\\\/\"]}]}<\/script>\n<!-- \/ Yoast SEO Premium plugin. -->","yoast_head_json":{"title":"Gizlilik Politikas\u0131 - Vita Perla &amp; Vita Serenity - Sera\u015f \u0130n\u015faat Grubu - Antalya \u0130n\u015faat Projesi","description":"Antalya Alt\u0131nova \u0130n\u015faat projesi. Sat\u0131l\u0131k ve kiral\u0131k daireler. Antalyan\u0131n en iyi in\u015faat projesine g\u00f6zat\u0131n. Sera\u015f \u0130n\u015faat Grubu taraf\u0131ndan yap..","robots":{"index":"index","follow":"follow","max-snippet":"max-snippet:-1","max-image-preview":"max-image-preview:large","max-video-preview":"max-video-preview:-1"},"canonical":"https:\/\/vita.serasinsaat.com.tr\/de\/gizlilik-politikamiz\/","og_locale":"de_DE","og_type":"article","og_title":"Gizlilik ve \u00c7erez Politikas\u0131","og_description":"Antalya Alt\u0131nova \u0130n\u015faat projesi. Sat\u0131l\u0131k ve kiral\u0131k daireler. Antalyan\u0131n en iyi in\u015faat projesine g\u00f6zat\u0131n. Sera\u015f \u0130n\u015faat Grubu taraf\u0131ndan yap..","og_url":"https:\/\/vita.serasinsaat.com.tr\/de\/gizlilik-politikamiz\/","og_site_name":"Vita Perla &amp; Vita Serenity","article_modified_time":"2024-07-13T20:49:58+00:00","og_image":[{"width":1920,"height":1080,"url":"https:\/\/vita.serasinsaat.com.tr\/wp-content\/uploads\/2023\/05\/31-TiP-A-giris-9_Post-copy.jpg","type":"image\/jpeg"}],"twitter_card":"summary_large_image","twitter_misc":{"Gesch\u00e4tzte Lesezeit":"6\u00a0Minuten"},"schema":{"@context":"https:\/\/schema.org","@graph":[{"@type":"WebPage","@id":"https:\/\/vita.serasinsaat.com.tr\/gizlilik-politikamiz\/","url":"https:\/\/vita.serasinsaat.com.tr\/gizlilik-politikamiz\/","name":"Gizlilik Politikas\u0131 - Vita Perla &amp; Vita Serenity - Sera\u015f \u0130n\u015faat Grubu - Antalya \u0130n\u015faat Projesi","isPartOf":{"@id":"https:\/\/vita.serasinsaat.com.tr\/#website"},"primaryImageOfPage":{"@id":"https:\/\/vita.serasinsaat.com.tr\/gizlilik-politikamiz\/#primaryimage"},"image":{"@id":"https:\/\/vita.serasinsaat.com.tr\/gizlilik-politikamiz\/#primaryimage"},"thumbnailUrl":"https:\/\/vita.serasinsaat.com.tr\/wp-content\/uploads\/2023\/05\/31-TiP-A-giris-9_Post-copy.jpg","datePublished":"2024-07-13T06:58:09+00:00","dateModified":"2024-07-13T20:49:58+00:00","description":"Antalya Alt\u0131nova \u0130n\u015faat projesi. Sat\u0131l\u0131k ve kiral\u0131k daireler. Antalyan\u0131n en iyi in\u015faat projesine g\u00f6zat\u0131n. Sera\u015f \u0130n\u015faat Grubu taraf\u0131ndan yap..","breadcrumb":{"@id":"https:\/\/vita.serasinsaat.com.tr\/gizlilik-politikamiz\/#breadcrumb"},"inLanguage":"de","potentialAction":[{"@type":"ReadAction","target":["https:\/\/vita.serasinsaat.com.tr\/gizlilik-politikamiz\/"]}]},{"@type":"ImageObject","inLanguage":"de","@id":"https:\/\/vita.serasinsaat.com.tr\/gizlilik-politikamiz\/#primaryimage","url":"https:\/\/vita.serasinsaat.com.tr\/wp-content\/uploads\/2023\/05\/31-TiP-A-giris-9_Post-copy.jpg","contentUrl":"https:\/\/vita.serasinsaat.com.tr\/wp-content\/uploads\/2023\/05\/31-TiP-A-giris-9_Post-copy.jpg","width":1920,"height":1080},{"@type":"BreadcrumbList","@id":"https:\/\/vita.serasinsaat.com.tr\/gizlilik-politikamiz\/#breadcrumb","itemListElement":[{"@type":"ListItem","position":1,"name":"Home","item":"https:\/\/vita.serasinsaat.com.tr\/"},{"@type":"ListItem","position":2,"name":"Gizlilik ve \u00c7erez Politikas\u0131"}]},{"@type":"WebSite","@id":"https:\/\/vita.serasinsaat.com.tr\/#website","url":"https:\/\/vita.serasinsaat.com.tr\/","name":"Vita Perla &amp; Vita Serenity","description":"Seras Construction Group Projekt","publisher":{"@id":"https:\/\/vita.serasinsaat.com.tr\/#organization"},"alternateName":"Sera\u015f \u0130n\u015faat","potentialAction":[{"@type":"SearchAction","target":{"@type":"EntryPoint","urlTemplate":"https:\/\/vita.serasinsaat.com.tr\/?s={search_term_string}"},"query-input":{"@type":"PropertyValueSpecification","valueRequired":true,"valueName":"search_term_string"}}],"inLanguage":"de"},{"@type":"Organization","@id":"https:\/\/vita.serasinsaat.com.tr\/#organization","name":"Seras Construction Gruppe","url":"https:\/\/vita.serasinsaat.com.tr\/","logo":{"@type":"ImageObject","inLanguage":"de","@id":"https:\/\/vita.serasinsaat.com.tr\/#\/schema\/logo\/image\/","url":"https:\/\/vita.serasinsaat.com.tr\/wp-content\/uploads\/2024\/06\/Vita-Perla-Serenity-Logo-1.jpg","contentUrl":"https:\/\/vita.serasinsaat.com.tr\/wp-content\/uploads\/2024\/06\/Vita-Perla-Serenity-Logo-1.jpg","width":512,"height":512,"caption":"Sera\u015f \u0130n\u015faat Grubu"},"image":{"@id":"https:\/\/vita.serasinsaat.com.tr\/#\/schema\/logo\/image\/"},"sameAs":["https:\/\/www.instagram.com\/serasinsaat\/"]}]}},"_links":{"self":[{"href":"https:\/\/vita.serasinsaat.com.tr\/de\/wp-json\/wp\/v2\/pages\/10772","targetHints":{"allow":["GET"]}}],"collection":[{"href":"https:\/\/vita.serasinsaat.com.tr\/de\/wp-json\/wp\/v2\/pages"}],"about":[{"href":"https:\/\/vita.serasinsaat.com.tr\/de\/wp-json\/wp\/v2\/types\/page"}],"author":[{"embeddable":true,"href":"https:\/\/vita.serasinsaat.com.tr\/de\/wp-json\/wp\/v2\/users\/1"}],"replies":[{"embeddable":true,"href":"https:\/\/vita.serasinsaat.com.tr\/de\/wp-json\/wp\/v2\/comments?post=10772"}],"version-history":[{"count":5,"href":"https:\/\/vita.serasinsaat.com.tr\/de\/wp-json\/wp\/v2\/pages\/10772\/revisions"}],"predecessor-version":[{"id":10781,"href":"https:\/\/vita.serasinsaat.com.tr\/de\/wp-json\/wp\/v2\/pages\/10772\/revisions\/10781"}],"wp:featuredmedia":[{"embeddable":true,"href":"https:\/\/vita.serasinsaat.com.tr\/de\/wp-json\/wp\/v2\/media\/10049"}],"wp:attachment":[{"href":"https:\/\/vita.serasinsaat.com.tr\/de\/wp-json\/wp\/v2\/media?parent=10772"}],"curies":[{"name":"wp","href":"https:\/\/api.w.org\/{rel}","templated":true}]}}